{"id":18,"date":"2016-02-24T18:19:18","date_gmt":"2016-02-24T18:19:18","guid":{"rendered":"http:\/\/frosvi.se\/?page_id=18"},"modified":"2025-11-17T13:06:56","modified_gmt":"2025-11-17T12:06:56","slug":"notkott","status":"publish","type":"page","link":"https:\/\/frosvi.se\/?page_id=18","title":{"rendered":"N\u00f6tk\u00f6tt"},"content":{"rendered":"\n<h4 class=\"wp-block-heading has-accent-color has-text-color\"><span style=\"color: #003366;\"><strong><br>F\u00f6rs\u00e4ljning av KRAV-godk\u00e4nt n\u00f6tk\u00f6tt<\/strong><\/span><\/h4>\n\n\n\n<p><strong><span style=\"color: #003366;\">Vi s\u00e4ljer KRAV-certifierad och godk\u00e4nt ekologiskt n\u00f6tk\u00f6tt p\u00e5 best\u00e4llning.&nbsp;<\/span><span style=\"color: #003366;\">K\u00f6ttets s\u00e4ljes vakuumf\u00f6rpackat och \u00e4r etiketterat och k<\/span><span style=\"color: #003366;\">lart f\u00f6r frysen. Allt k\u00f6tt h\u00e4ngm\u00f6ras f\u00f6re styckning.<\/span><br><\/strong><\/p>\n\n\n\n<p><span style=\"color: #003366;\"><strong>S\u00e5 h\u00e4r g\u00e5r det till:<\/strong><\/span><br>V\u00e4lj nedan mellan de olika alternativen och kontakta oss med din best\u00e4llning. N\u00e4r vi f\u00e5tt in tillr\u00e4ckligt med best\u00e4llningar s\u00e5 skickar vi djur till slakt. Nedan finner vilka olika l\u00e5dor\/alternativ ni kan v\u00e4lja mellan. K\u00f6ttet \u00e4r vakuumf\u00f6rpackat.  N\u00f6tf\u00e4rsen har en vikt mellan 600-800gr och detaljerna \u00e4r ungef\u00e4r 800-1000gr.  Sj\u00e4lvklart f\u00f6rs\u00f6ker vi ordna om annat s\u00e5&nbsp;\u00f6nskas.<br><\/p>\n\n\n\n<ol class=\"wp-block-list\">\n<li><span style=\"color: #003366;\"><b><u>Helt eller halvt djur<\/u><\/b><\/span><br>Best\u00e4llning kan g\u00f6ras p\u00e5 antingen p\u00e5 helt eller halvt djur.<br>K\u00f6ttl\u00e5da p\u00e5 ett halvt djur inneh\u00e5ller ungef\u00e4r cirka <strong>90-100 kg<\/strong>. <br>Detaljerna \u00e4r fr\u00e5n hela djuret dvs fr\u00e5n oxfil\u00e9 till\u00a0kokdetaljer och vikten varierar s\u00e5 klart beroende p\u00e5 djurets vikt.<br>L\u00e5dorna inneh\u00e5ller ungef\u00e4r 50% n\u00f6tf\u00e4rs och 50% detaljer.<br><span style=\"color: #003366;\"><span style=\"color: #003366;\"><strong>Pris:<\/strong> 210 kr\/kilo inkl. moms.<\/span><\/span><br><\/li>\n\n\n\n<li><span class=\"auto-style1\" style=\"color: #003366;\"><strong><u>1\/4-dels l\u00e5dan (ett kvarts djur)<\/u><\/strong><\/span><br>1\/4-dels l\u00e5da inneh\u00e5ller ungef\u00e4r <strong>40-50 kg<\/strong>, f\u00f6rdelat p\u00e5 50% n\u00f6tf\u00e4rs och 50% detaljer. Detaljerna \u00e4r fr\u00e5n hela djuret, dvs fr\u00e5n oxfil\u00e9 till kokdetaljer och vikten varierar s\u00e5 klart beroende p\u00e5 djurets vikt. L\u00e5dorna inneh\u00e5ller ungef\u00e4r 50% n\u00f6tf\u00e4rs och 50% detaljer. <br><span style=\"color: #003366;\"><span style=\"color: #003366;\"><strong>Pris:<\/strong> 210 kr\/kilo inkl. moms.<\/span><\/span><br><\/li>\n\n\n\n<li><span class=\"auto-style1\" style=\"color: #003366;\"><strong><u>1\/8 -dels l\u00e5dan<\/u><\/strong><\/span><br>1\/8-dels l\u00e5da inneh\u00e5ller ungef\u00e4r <strong>20-25 kg<\/strong>, f\u00f6rdelat p\u00e5 50% n\u00f6tf\u00e4rs och 50% detaljer.<br><span style=\"color: #003366;\"><span style=\"color: #003366;\"><strong>Pris:<\/strong> 225 kr\/kilo inkl. moms.<\/span><\/span><br><\/li>\n\n\n\n<li><u><span class=\"auto-style1\" style=\"color: #003366;\"><strong>Stora l\u00e5dan<\/strong><\/span><br><\/u>Inneh\u00e5ller cirka <strong>10-12 kg<\/strong> f\u00f6rdelat p\u00e5:\u00a0 25% kokdetaljer, 15% ugnsdetaljer, 10% \u00e4deldetaljer och 50% n\u00f6tf\u00e4rs<br>Detaljerna \u00e4r f\u00f6rdelat p\u00e5:<br>* Entrecote\/Ryggbiff (\u00e4deldetaljer)<br>* Innanl\u00e5r\/Fransyska\/Rostbiff (ugnsdetaljer)<br>* Ytterl\u00e5r\/H\u00f6grev\/Grytbitar\/N\u00f6trulle (kokdetaljer)<br><span style=\"color: #003366;\"><span style=\"color: #003366;\"><span style=\"color: #003366;\"><span style=\"color: #003366;\"><strong>Pris<\/strong>: fr\u00e5n 225 kr\/kg inkl. moms.<\/span><\/span><\/span><\/span><br><br>Betalning sker via Swish vid h\u00e4mtning. Samtliga priser baseras p\u00e5 marknadspris och g\u00e4ller vid h\u00e4mtning.<br><br>Har ni andra \u00f6nskem\u00e5l,\u00a0 fr\u00e5gor eller best\u00e4llning till: info@frosvi.se eller\u00a0telefon 070-5115846 (Carolina).<br>Uppge namn, adress och telefonnummer samt \u00f6nskem\u00e5l om m\u00e4ngd i Din best\u00e4llning.<br><span style=\"color: #003366;\"><strong>OBS, t\u00e4nk p\u00e5 att din best\u00e4llning \u00e4r bindande.<\/strong><\/span><\/li>\n<\/ol>\n","protected":false},"excerpt":{"rendered":"<p>F\u00f6rs\u00e4ljning av KRAV-godk\u00e4nt n\u00f6tk\u00f6tt Vi s\u00e4ljer KRAV-certifierad och godk\u00e4nt ekologiskt n\u00f6tk\u00f6tt p\u00e5 best\u00e4llning.&nbsp;K\u00f6ttets s\u00e4ljes vakuumf\u00f6rpackat och \u00e4r etiketterat och klart f\u00f6r frysen. Allt k\u00f6tt h\u00e4ngm\u00f6ras f\u00f6re styckning. S\u00e5 h\u00e4r g\u00e5r det till:V\u00e4lj nedan mellan de olika alternativen och kontakta oss med din best\u00e4llning. N\u00e4r vi f\u00e5tt in tillr\u00e4ckligt med best\u00e4llningar s\u00e5 skickar vi djur till [&hellip;]<\/p>\n","protected":false},"author":1,"featured_media":0,"parent":0,"menu_order":0,"comment_status":"closed","ping_status":"closed","template":"","meta":{"footnotes":""},"class_list":["post-18","page","type-page","status-publish","hentry","post-preview"],"_links":{"self":[{"href":"https:\/\/frosvi.se\/index.php?rest_route=\/wp\/v2\/pages\/18","targetHints":{"allow":["GET"]}}],"collection":[{"href":"https:\/\/frosvi.se\/index.php?rest_route=\/wp\/v2\/pages"}],"about":[{"href":"https:\/\/frosvi.se\/index.php?rest_route=\/wp\/v2\/types\/page"}],"author":[{"embeddable":true,"href":"https:\/\/frosvi.se\/index.php?rest_route=\/wp\/v2\/users\/1"}],"replies":[{"embeddable":true,"href":"https:\/\/frosvi.se\/index.php?rest_route=%2Fwp%2Fv2%2Fcomments&post=18"}],"version-history":[{"count":24,"href":"https:\/\/frosvi.se\/index.php?rest_route=\/wp\/v2\/pages\/18\/revisions"}],"predecessor-version":[{"id":137,"href":"https:\/\/frosvi.se\/index.php?rest_route=\/wp\/v2\/pages\/18\/revisions\/137"}],"wp:attachment":[{"href":"https:\/\/frosvi.se\/index.php?rest_route=%2Fwp%2Fv2%2Fmedia&parent=18"}],"curies":[{"name":"wp","href":"https:\/\/api.w.org\/{rel}","templated":true}]}}