{"id":21,"date":"2016-02-24T18:19:45","date_gmt":"2016-02-24T18:19:45","guid":{"rendered":"http:\/\/frosvi.se\/?page_id=21"},"modified":"2022-03-21T18:50:26","modified_gmt":"2022-03-21T17:50:26","slug":"kontakta-oss","status":"publish","type":"page","link":"https:\/\/frosvi.se\/?page_id=21","title":{"rendered":"Vi utf\u00f6r"},"content":{"rendered":"<ul>\n<li><strong><span style=\"color: #003366;\">Rundbalspressning, plastning<\/span><br \/>\n<\/strong> Vi k\u00f6r med en kombipress McHale Fusion II d\u00e4r vi har m\u00f6jlighet att\u00a0b\u00e5de pressa o plasta samtidigt.<br \/>\nValm\u00f6jlighet f\u00f6r snitt p\u00e5 0-23 knivar.<\/li>\n<li><span style=\"color: #003366;\"><strong>Sl\u00e4nt\/dikesputsning<\/strong><\/span><br \/>\nKlippbredd \u00e4r 1,30 meter och r\u00e4ckvidden \u00e4r 6 meter.<\/li>\n<li><span style=\"color: #003366;\"><strong>Hackvagnsk\u00f6rning<\/strong><\/span><br \/>\nVi k\u00f6r med 30m\u00b3 volym i vagnen.<\/li>\n<li><span style=\"color: #003366;\"><strong>Flytg\u00f6dselk\u00f6rning och bevattning av v\u00e4gar<\/strong><\/span><br \/>\nVi k\u00f6r med Samon PG 18 och 12 meters sl\u00e4pslangsramp.<\/li>\n<li><span style=\"color: #003366;\"><strong>Gr\u00e4ssl\u00e5tter<\/strong><\/span><br \/>\nVi k\u00f6r med Kvarneland front-och baksl\u00e5tterkross. Bredden \u00e4r 6,40meter (3,20 x 2).<br \/>\nM\u00f6jllighet till bredspridning eller dubbelstr\u00e4ng.<\/li>\n<li><span style=\"color: #003366;\"><strong>Str\u00e4ngl\u00e4ggning<\/strong><\/span><br \/>\nEn Elho 600W &#8211; Twin med upp till 6 meters arbetsbredd. Kan frontmonteras och kombineras i samband med pressning.<\/p>\n<p><span style=\"color: #003366;\"><strong>Kontakta oss g\u00e4rna f\u00f6r mer information och priser.<\/strong><\/span><\/li>\n<\/ul>\n","protected":false},"excerpt":{"rendered":"<p>Rundbalspressning, plastning Vi k\u00f6r med en kombipress McHale Fusion II d\u00e4r vi har m\u00f6jlighet att\u00a0b\u00e5de pressa o plasta samtidigt. Valm\u00f6jlighet f\u00f6r snitt p\u00e5 0-23 knivar. Sl\u00e4nt\/dikesputsning Klippbredd \u00e4r 1,30 meter och r\u00e4ckvidden \u00e4r 6 meter. Hackvagnsk\u00f6rning Vi k\u00f6r med 30m\u00b3 volym i vagnen. Flytg\u00f6dselk\u00f6rning och bevattning av v\u00e4gar Vi k\u00f6r med Samon PG 18 och [&hellip;]<\/p>\n","protected":false},"author":1,"featured_media":0,"parent":0,"menu_order":0,"comment_status":"closed","ping_status":"closed","template":"","meta":{"footnotes":""},"class_list":["post-21","page","type-page","status-publish","hentry","post-preview"],"_links":{"self":[{"href":"https:\/\/frosvi.se\/index.php?rest_route=\/wp\/v2\/pages\/21","targetHints":{"allow":["GET"]}}],"collection":[{"href":"https:\/\/frosvi.se\/index.php?rest_route=\/wp\/v2\/pages"}],"about":[{"href":"https:\/\/frosvi.se\/index.php?rest_route=\/wp\/v2\/types\/page"}],"author":[{"embeddable":true,"href":"https:\/\/frosvi.se\/index.php?rest_route=\/wp\/v2\/users\/1"}],"replies":[{"embeddable":true,"href":"https:\/\/frosvi.se\/index.php?rest_route=%2Fwp%2Fv2%2Fcomments&post=21"}],"version-history":[{"count":12,"href":"https:\/\/frosvi.se\/index.php?rest_route=\/wp\/v2\/pages\/21\/revisions"}],"predecessor-version":[{"id":118,"href":"https:\/\/frosvi.se\/index.php?rest_route=\/wp\/v2\/pages\/21\/revisions\/118"}],"wp:attachment":[{"href":"https:\/\/frosvi.se\/index.php?rest_route=%2Fwp%2Fv2%2Fmedia&parent=21"}],"curies":[{"name":"wp","href":"https:\/\/api.w.org\/{rel}","templated":true}]}}