{"id":25,"date":"2016-02-24T18:20:38","date_gmt":"2016-02-24T18:20:38","guid":{"rendered":"http:\/\/frosvi.se\/?page_id=25"},"modified":"2016-02-25T11:44:45","modified_gmt":"2016-02-25T10:44:45","slug":"kontakta-oss-2","status":"publish","type":"page","link":"https:\/\/frosvi.se\/?page_id=25","title":{"rendered":"Hitta hit"},"content":{"rendered":"<p><span style=\"color: #003366;\">H\u00e4r finner v\u00e4gbeskrivning och karta till oss.<\/span><\/p>\n<h4><img loading=\"lazy\" decoding=\"async\" class=\"alignnone size-medium wp-image-63\" src=\"http:\/\/frosvi.se\/wp-content\/uploads\/2016\/02\/karta_3-292x300.gif\" alt=\"karta_3\" width=\"292\" height=\"300\" \/><\/h4>\n<h4><span style=\"text-decoration: underline;\"><span style=\"color: #003366; text-decoration: underline;\">1. V\u00e4gbeskrivning till g\u00e5rden.<\/span><\/span><\/h4>\n<p class=\"auto-style2\"><span style=\"color: #003366;\"><strong>Fr\u00e5n Fjugesta:<\/strong><\/span> \u00c5k mot Vretstorp, v\u00e4g 518, cirka 7 km (f\u00f6rbi Edsbergs kyrka). Forts\u00e4tt ungef\u00e4r 1,5km.\u00a0 Sv\u00e4ng av v\u00e4gen till v\u00e4nster vid skyltar &#8221;Fr\u00f6svi&#8221;, &#8221;\u00c5kerby&#8221;. I fyrv\u00e4gskors efter cirka 1 km sv\u00e4nger man v\u00e4nster.<\/p>\n<p><strong><span style=\"color: #003366;\">Fr\u00e5n Vretstorp<\/span><span style=\"color: #003366;\">:<\/span><\/strong> \u00c5k mot Fjugesta, v\u00e4g 518, ungef\u00e4r 10 km. Sv\u00e4ng ner h\u00f6ger vid<br \/>\nskylt: &#8221;Fr\u00f6svi 1&#8221;. \u00c5k grusv\u00e4gen cirka 1,8 km till fyrv\u00e4gskors. K\u00f6r rakt fram.<\/p>\n<p><span style=\"color: #003366;\"><strong>\u00a0GPS kordinater: N59\u00b0 07.792\u00b0 E14\u00b0 53.841\u00b0<br \/>\n<\/strong><\/span><strong>\u00a0\u00a0\u00a0\u00a0\u00a0\u00a0\u00a0 <\/strong><\/p>\n<h4><span style=\"text-decoration: underline;\"><span style=\"color: #003366; text-decoration: underline;\">2. V\u00e4gbeskrivning Fr\u00f6svi S\u00f6rg\u00e5rden.<\/span><\/span><\/h4>\n<p class=\"auto-style2\"><span style=\"color: #003366;\"><strong>Fr\u00e5n Fjugesta:<\/strong><\/span> \u00c5k mot Vretstorp, v\u00e4g 518, cirka 7 km (f\u00f6rbi Edsbergs kyrka). Forts\u00e4tt ungef\u00e4r 1,5km.\u00a0 Sv\u00e4ng av v\u00e4gen till v\u00e4nster vid skyltar &#8221;Fr\u00f6svi&#8221;, &#8221;\u00c5kerby&#8221;. I fyrv\u00e4gskors efter cirka 1 km sv\u00e4nger man h\u00f6ger och forts\u00e4tter ca 800 m. Vitt hus p\u00e5 v\u00e4nster sida.<\/p>\n<p><span style=\"color: #003366;\"><strong>Fr\u00e5n Vretstorp<\/strong>:<\/span> \u00c5k mot Fjugesta, v\u00e4g 518, ungef\u00e4r 10 km. Sv\u00e4ng ner<br \/>\nh\u00f6ger vid skylt: &#8221;Fr\u00f6svi 1&#8221;. \u00c5k grusv\u00e4gen cirka 800 m. Vitt hus p\u00e5 h\u00f6ger sida.<\/p>\n<p><strong>\u00a0<span style=\"color: #003366;\">GPS kordinater: N59\u00b0 07.281\u00b0 E14\u00b0 53.295\u00b0<\/span><\/strong><\/p>\n","protected":false},"excerpt":{"rendered":"<p>H\u00e4r finner v\u00e4gbeskrivning och karta till oss. 1. V\u00e4gbeskrivning till g\u00e5rden. Fr\u00e5n Fjugesta: \u00c5k mot Vretstorp, v\u00e4g 518, cirka 7 km (f\u00f6rbi Edsbergs kyrka). Forts\u00e4tt ungef\u00e4r 1,5km.\u00a0 Sv\u00e4ng av v\u00e4gen till v\u00e4nster vid skyltar &#8221;Fr\u00f6svi&#8221;, &#8221;\u00c5kerby&#8221;. I fyrv\u00e4gskors efter cirka 1 km sv\u00e4nger man v\u00e4nster. Fr\u00e5n Vretstorp: \u00c5k mot Fjugesta, v\u00e4g 518, ungef\u00e4r 10 km. [&hellip;]<\/p>\n","protected":false},"author":1,"featured_media":0,"parent":0,"menu_order":0,"comment_status":"closed","ping_status":"closed","template":"","meta":{"footnotes":""},"class_list":["post-25","page","type-page","status-publish","hentry","post-preview"],"_links":{"self":[{"href":"https:\/\/frosvi.se\/index.php?rest_route=\/wp\/v2\/pages\/25","targetHints":{"allow":["GET"]}}],"collection":[{"href":"https:\/\/frosvi.se\/index.php?rest_route=\/wp\/v2\/pages"}],"about":[{"href":"https:\/\/frosvi.se\/index.php?rest_route=\/wp\/v2\/types\/page"}],"author":[{"embeddable":true,"href":"https:\/\/frosvi.se\/index.php?rest_route=\/wp\/v2\/users\/1"}],"replies":[{"embeddable":true,"href":"https:\/\/frosvi.se\/index.php?rest_route=%2Fwp%2Fv2%2Fcomments&post=25"}],"version-history":[{"count":5,"href":"https:\/\/frosvi.se\/index.php?rest_route=\/wp\/v2\/pages\/25\/revisions"}],"predecessor-version":[{"id":75,"href":"https:\/\/frosvi.se\/index.php?rest_route=\/wp\/v2\/pages\/25\/revisions\/75"}],"wp:attachment":[{"href":"https:\/\/frosvi.se\/index.php?rest_route=%2Fwp%2Fv2%2Fmedia&parent=25"}],"curies":[{"name":"wp","href":"https:\/\/api.w.org\/{rel}","templated":true}]}}