{"id":42,"date":"2016-02-25T09:13:42","date_gmt":"2016-02-25T08:13:42","guid":{"rendered":"http:\/\/frosvi.se\/?page_id=42"},"modified":"2024-02-13T11:59:06","modified_gmt":"2024-02-13T10:59:06","slug":"hem-3","status":"publish","type":"page","link":"https:\/\/frosvi.se\/","title":{"rendered":"Hem"},"content":{"rendered":"<h4 style=\"text-align: center;\"><span style=\"color: #003366;\"><strong>Hej och v\u00e4lkommen till fr\u00f6svi.se och till den ekologiska mj\u00f6lkg\u00e5rden som ligger utanf\u00f6r Fjugesta.<\/strong><\/span><\/h4>\n<p style=\"text-align: center;\">Vi som driver g\u00e5rden heter Christian &amp; Carolina Lindqvist. V\u00e5r familj best\u00e5r \u00e4ven av v\u00e5ra tv\u00e5 barn; Elias &amp; Stina.\u00a0 Till v\u00e5r hj\u00e4lp har vi ocks\u00e5 v\u00e5r border collie Essi som \u00e4lskar att styra upp v\u00e5ra djur.<\/p>\n<p style=\"text-align: center;\">Vi b\u00e5da jobbar heltid med v\u00e5r mj\u00f6lkproduktion och g\u00e5rdens alla dess uppgifter.<br \/>\nG\u00e5rden finner Du cirka 4 mil sydv\u00e4st om \u00d6rebro, n\u00e5gra kilometer s\u00f6der om orten Fjugesta &#8211; mitt p\u00e5 N\u00e4rkesl\u00e4tten.<br \/>\nS\u00e5 varmt v\u00e4lkomna ska Ni vara.<\/p>\n<p style=\"text-align: center;\">Christian &amp; Carolina<br \/>\nElias &amp; Stina<\/p>\n","protected":false},"excerpt":{"rendered":"<p>Hej och v\u00e4lkommen till fr\u00f6svi.se och till den ekologiska mj\u00f6lkg\u00e5rden som ligger utanf\u00f6r Fjugesta. Vi som driver g\u00e5rden heter Christian &amp; Carolina Lindqvist. V\u00e5r familj best\u00e5r \u00e4ven av v\u00e5ra tv\u00e5 barn; Elias &amp; Stina.\u00a0 Till v\u00e5r hj\u00e4lp har vi ocks\u00e5 v\u00e5r border collie Essi som \u00e4lskar att styra upp v\u00e5ra djur. Vi b\u00e5da jobbar heltid [&hellip;]<\/p>\n","protected":false},"author":1,"featured_media":0,"parent":0,"menu_order":0,"comment_status":"closed","ping_status":"closed","template":"","meta":{"footnotes":""},"class_list":["post-42","page","type-page","status-publish","hentry","post-preview"],"_links":{"self":[{"href":"https:\/\/frosvi.se\/index.php?rest_route=\/wp\/v2\/pages\/42","targetHints":{"allow":["GET"]}}],"collection":[{"href":"https:\/\/frosvi.se\/index.php?rest_route=\/wp\/v2\/pages"}],"about":[{"href":"https:\/\/frosvi.se\/index.php?rest_route=\/wp\/v2\/types\/page"}],"author":[{"embeddable":true,"href":"https:\/\/frosvi.se\/index.php?rest_route=\/wp\/v2\/users\/1"}],"replies":[{"embeddable":true,"href":"https:\/\/frosvi.se\/index.php?rest_route=%2Fwp%2Fv2%2Fcomments&post=42"}],"version-history":[{"count":16,"href":"https:\/\/frosvi.se\/index.php?rest_route=\/wp\/v2\/pages\/42\/revisions"}],"predecessor-version":[{"id":120,"href":"https:\/\/frosvi.se\/index.php?rest_route=\/wp\/v2\/pages\/42\/revisions\/120"}],"wp:attachment":[{"href":"https:\/\/frosvi.se\/index.php?rest_route=%2Fwp%2Fv2%2Fmedia&parent=42"}],"curies":[{"name":"wp","href":"https:\/\/api.w.org\/{rel}","templated":true}]}}